{"id":911,"date":"2020-05-28T02:05:26","date_gmt":"2020-05-28T02:05:26","guid":{"rendered":"https:\/\/simuladosanac.com\/blog\/?page_id=911"},"modified":"2020-05-28T03:24:29","modified_gmt":"2020-05-28T03:24:29","slug":"teste-nivel-ingles-cms","status":"publish","type":"page","link":"https:\/\/simuladosanac.com\/blog\/teste-nivel-ingles-cms\/","title":{"rendered":"Teste nivel de ingl\u00eas"},"content":{"rendered":"<h4>\nTESTE DE N&#xCD;VEL <\/h4>\n<h4>DE INGL&#xCA;S <\/h4>\n<h2>COMISS&#xC1;RIO DE VOO<\/h2>\n<h4>O TESTE<\/h4>\n<p>O teste foi preparado para testar n&#xED;veis de ingl&#xEA;s do B&#xE1;sico ao intermedi&#xE1;rio, pois consideramos o n&#xED;vel intermedi&#xE1;rio sficiente&#xA0; para ingressar em uma companhia a&#xE9;rea internacional.&#xA0;<\/p>\n<p>\t\t\t<a href=\"https:\/\/simuladosanac.com\/blog\/simulado-cms\/\" role=\"button\"><br>\n\t\t\t\t\t\tfazer teste<br>\n\t\t\t\t\t<\/a><br>\n\t\t\t\t\t\t\t\t\t\t<img loading=\"lazy\" decoding=\"async\" width=\"968\" height=\"681\" src=\"https:\/\/simuladosanac.com\/blog\/wp-content\/uploads\/2020\/05\/cabin-crew.jpg\" alt=\"\" srcset=\"https:\/\/simuladosanac.com\/blog\/wp-content\/uploads\/2020\/05\/cabin-crew.jpg 968w, https:\/\/simuladosanac.com\/blog\/wp-content\/uploads\/2020\/05\/cabin-crew-300x211.jpg 300w, https:\/\/simuladosanac.com\/blog\/wp-content\/uploads\/2020\/05\/cabin-crew-768x540.jpg 768w\" sizes=\"auto, (max-width: 968px) 100vw, 968px\"\/>\t\t\t\t\t\t\t\t\t\t\t<\/p>\n<h5 style=\"text-align: center;\">Coloque seu ingl&#xEA;s &#xE0; prova em poucos minutos e verifique qual &#xE9; o seu n&#xED;vel. Desta maneira, voc&#xEA; poder&#xE1; tomar decis&#xF5;es cientes para melhor&#xE1;-lo.<\/h5>\n<h5 style=\"text-align: center;\">Responder as perguntas do teste de n&#xED;vel de ingl&#xEA;s &#xE9; s&#xF3; o in&#xED;cio. Com a informa&#xE7;&#xE3;o obtida, voc&#xEA; pode estabelecer suas metas no idioma e segui-las!&#xA0;<\/h5>\n<h3>\n\t\t\t\t\tB&#xC1;SICO<br>\n\t\t\t\t<\/h3>\n<p>N&#xED;vel b&#xE1;sico significa<\/p>\n<h3>\n\t\t\t\t\tPr&#xE9;-intermedi&#xE1;rio<br>\n\t\t\t\t<\/h3>\n<p>Signfica&#x2026;<\/p>\n<h3>\n\t\t\t\t\tIntermedi&#xE1;rio<br>\n\t\t\t\t<\/h3>\n<p>N&#xED;vel que&#x2026;<\/p>\n<h2>COMO &#xC9; O TESTE<\/h2>\n<p>Testar seu n&#xED;vel de ingl&#xEA;s &#xE9; o primeiro passo para definir metas e ir atr&#xE1;s delas.&#xA0; Afinal de contas saber ingl&#xEA;s n&#xE3;o &#xE9; um diferencial mas sim um requisito.<\/p>\n<p>O exame que criamos &#xE9; simples e r&#xE1;pido, pois consiste em responder a uma s&#xE9;rie de perguntas de escolha m&#xFA;ltipla que somente levar&#xE3;o alguns minutos.<\/p>\n<p>O objeiti de nosso teste de n&#xED;vel&#xA0; de ingl&#xEA;s &#xE9; avaliar seus conhecimentos em diferentes aspetos da l&#xED;ngua inglesa, como a gram&#xE1;tica e o vocabul&#xE1;rio.<\/p>\n<p>Ap&#xF3;s finalizar o teste voc&#xEA; obter&#xE1; os resultados e saber&#xE1; qual &#xE9; o seu verdadeiro n&#xED;vel.<\/p>\n<p>Lembre-se de que avaliar seu n&#xED;vel de ingl&#xEA;s &#xE9; apenas o come&#xE7;o. A partir daqui, cabe a voc&#xEA; decidir quais passos voc&#xEA; quer tomar para&#xA0;aprender ingl&#xEA;s de vez para ingressar na &#xE1;rea da avia&#xE7;&#xE3;o.<\/p>\n<h1>FAZER UM TESTE GRATU&#xCD;TO<\/h1>\n<p>\t\t\t<a href=\"https:\/\/simuladosanac.com\/blog\/simulado-cms\/\" role=\"button\"><br>\n\t\t\t\t\t\tCome&#xE7;ar agora!<br>\n\t\t\t\t\t<\/a><\/p>\n","protected":false},"excerpt":{"rendered":"<p>TESTE DE N\u00cdVEL DE INGL\u00caS COMISS\u00c1RIO DE VOO O TESTE O teste foi preparado para testar n\u00edveis de ingl\u00eas do B\u00e1sico ao intermedi\u00e1rio, pois consideramos o n\u00edvel intermedi\u00e1rio sficiente\u00a0 para ingressar em uma companhia a\u00e9rea internacional.\u00a0 fazer teste Coloque seu ingl\u00eas \u00e0 prova em poucos minutos e verifique qual \u00e9 o seu n\u00edvel. Desta maneira, [&hellip;]<\/p>\n","protected":false},"author":1,"featured_media":0,"parent":0,"menu_order":0,"comment_status":"closed","ping_status":"closed","template":"elementor_canvas","meta":{"_acf_changed":false,"footnotes":""},"class_list":["post-911","page","type-page","status-publish","hentry"],"acf":[],"yoast_head":"<!-- This site is optimized with the Yoast SEO plugin v25.7 - https:\/\/yoast.com\/wordpress\/plugins\/seo\/ -->\n<title>Teste nivel de ingl\u00eas - Simulados ANAC<\/title>\n<meta name=\"robots\" content=\"index, follow, max-snippet:-1, max-image-preview:large, max-video-preview:-1\" \/>\n<link rel=\"canonical\" href=\"https:\/\/blog.simuladosanac.com\/teste-nivel-ingles-cms\/\" \/>\n<meta property=\"og:locale\" content=\"pt_BR\" \/>\n<meta property=\"og:type\" content=\"article\" \/>\n<meta property=\"og:title\" content=\"Teste nivel de ingl\u00eas - Simulados ANAC\" \/>\n<meta property=\"og:description\" content=\"TESTE DE N\u00cdVEL DE INGL\u00caS COMISS\u00c1RIO DE VOO O TESTE O teste foi preparado para testar n\u00edveis de ingl\u00eas do B\u00e1sico ao intermedi\u00e1rio, pois consideramos o n\u00edvel intermedi\u00e1rio sficiente\u00a0 para ingressar em uma companhia a\u00e9rea internacional.\u00a0 fazer teste Coloque seu ingl\u00eas \u00e0 prova em poucos minutos e verifique qual \u00e9 o seu n\u00edvel. Desta maneira, [&hellip;]\" \/>\n<meta property=\"og:url\" content=\"https:\/\/blog.simuladosanac.com\/teste-nivel-ingles-cms\/\" \/>\n<meta property=\"og:site_name\" content=\"Simulados ANAC\" \/>\n<meta property=\"article:modified_time\" content=\"2020-05-28T03:24:29+00:00\" \/>\n<meta property=\"og:image\" content=\"https:\/\/simuladosanac.com\/blog\/wp-content\/uploads\/2020\/05\/cabin-crew.jpg\" \/>\n<meta name=\"twitter:card\" content=\"summary_large_image\" \/>\n<meta name=\"twitter:label1\" content=\"Est. tempo de leitura\" \/>\n\t<meta name=\"twitter:data1\" content=\"1 minuto\" \/>\n<script type=\"application\/ld+json\" class=\"yoast-schema-graph\">{\"@context\":\"https:\/\/schema.org\",\"@graph\":[{\"@type\":\"WebPage\",\"@id\":\"https:\/\/blog.simuladosanac.com\/teste-nivel-ingles-cms\/\",\"url\":\"https:\/\/blog.simuladosanac.com\/teste-nivel-ingles-cms\/\",\"name\":\"Teste nivel de ingl\u00eas - Simulados ANAC\",\"isPartOf\":{\"@id\":\"https:\/\/blog.simuladosanac.com\/#website\"},\"primaryImageOfPage\":{\"@id\":\"https:\/\/blog.simuladosanac.com\/teste-nivel-ingles-cms\/#primaryimage\"},\"image\":{\"@id\":\"https:\/\/blog.simuladosanac.com\/teste-nivel-ingles-cms\/#primaryimage\"},\"thumbnailUrl\":\"https:\/\/simuladosanac.com\/blog\/wp-content\/uploads\/2020\/05\/cabin-crew.jpg\",\"datePublished\":\"2020-05-28T02:05:26+00:00\",\"dateModified\":\"2020-05-28T03:24:29+00:00\",\"breadcrumb\":{\"@id\":\"https:\/\/blog.simuladosanac.com\/teste-nivel-ingles-cms\/#breadcrumb\"},\"inLanguage\":\"pt-BR\",\"potentialAction\":[{\"@type\":\"ReadAction\",\"target\":[\"https:\/\/blog.simuladosanac.com\/teste-nivel-ingles-cms\/\"]}]},{\"@type\":\"ImageObject\",\"inLanguage\":\"pt-BR\",\"@id\":\"https:\/\/blog.simuladosanac.com\/teste-nivel-ingles-cms\/#primaryimage\",\"url\":\"https:\/\/simuladosanac.com\/blog\/wp-content\/uploads\/2020\/05\/cabin-crew.jpg\",\"contentUrl\":\"https:\/\/simuladosanac.com\/blog\/wp-content\/uploads\/2020\/05\/cabin-crew.jpg\",\"width\":968,\"height\":681},{\"@type\":\"BreadcrumbList\",\"@id\":\"https:\/\/blog.simuladosanac.com\/teste-nivel-ingles-cms\/#breadcrumb\",\"itemListElement\":[{\"@type\":\"ListItem\",\"position\":1,\"name\":\"In\u00edcio\",\"item\":\"https:\/\/blog.simuladosanac.com\/\"},{\"@type\":\"ListItem\",\"position\":2,\"name\":\"Teste nivel de ingl\u00eas\"}]},{\"@type\":\"WebSite\",\"@id\":\"https:\/\/blog.simuladosanac.com\/#website\",\"url\":\"https:\/\/blog.simuladosanac.com\/\",\"name\":\"Simulados ANAC\",\"description\":\"\",\"publisher\":{\"@id\":\"https:\/\/blog.simuladosanac.com\/#organization\"},\"potentialAction\":[{\"@type\":\"SearchAction\",\"target\":{\"@type\":\"EntryPoint\",\"urlTemplate\":\"https:\/\/blog.simuladosanac.com\/?s={search_term_string}\"},\"query-input\":{\"@type\":\"PropertyValueSpecification\",\"valueRequired\":true,\"valueName\":\"search_term_string\"}}],\"inLanguage\":\"pt-BR\"},{\"@type\":\"Organization\",\"@id\":\"https:\/\/blog.simuladosanac.com\/#organization\",\"name\":\"Simulados ANAC\",\"url\":\"https:\/\/blog.simuladosanac.com\/\",\"logo\":{\"@type\":\"ImageObject\",\"inLanguage\":\"pt-BR\",\"@id\":\"https:\/\/blog.simuladosanac.com\/#\/schema\/logo\/image\/\",\"url\":\"https:\/\/simuladosanac.com\/blog\/wp-content\/uploads\/2021\/08\/cropped-Apresentacao1-1.png\",\"contentUrl\":\"https:\/\/simuladosanac.com\/blog\/wp-content\/uploads\/2021\/08\/cropped-Apresentacao1-1.png\",\"width\":991,\"height\":243,\"caption\":\"Simulados ANAC\"},\"image\":{\"@id\":\"https:\/\/blog.simuladosanac.com\/#\/schema\/logo\/image\/\"}}]}<\/script>\n<!-- \/ Yoast SEO plugin. -->","yoast_head_json":{"title":"Teste nivel de ingl\u00eas - Simulados ANAC","robots":{"index":"index","follow":"follow","max-snippet":"max-snippet:-1","max-image-preview":"max-image-preview:large","max-video-preview":"max-video-preview:-1"},"canonical":"https:\/\/blog.simuladosanac.com\/teste-nivel-ingles-cms\/","og_locale":"pt_BR","og_type":"article","og_title":"Teste nivel de ingl\u00eas - Simulados ANAC","og_description":"TESTE DE N\u00cdVEL DE INGL\u00caS COMISS\u00c1RIO DE VOO O TESTE O teste foi preparado para testar n\u00edveis de ingl\u00eas do B\u00e1sico ao intermedi\u00e1rio, pois consideramos o n\u00edvel intermedi\u00e1rio sficiente\u00a0 para ingressar em uma companhia a\u00e9rea internacional.\u00a0 fazer teste Coloque seu ingl\u00eas \u00e0 prova em poucos minutos e verifique qual \u00e9 o seu n\u00edvel. Desta maneira, [&hellip;]","og_url":"https:\/\/blog.simuladosanac.com\/teste-nivel-ingles-cms\/","og_site_name":"Simulados ANAC","article_modified_time":"2020-05-28T03:24:29+00:00","og_image":[{"url":"https:\/\/simuladosanac.com\/blog\/wp-content\/uploads\/2020\/05\/cabin-crew.jpg","type":"","width":"","height":""}],"twitter_card":"summary_large_image","twitter_misc":{"Est. tempo de leitura":"1 minuto"},"schema":{"@context":"https:\/\/schema.org","@graph":[{"@type":"WebPage","@id":"https:\/\/blog.simuladosanac.com\/teste-nivel-ingles-cms\/","url":"https:\/\/blog.simuladosanac.com\/teste-nivel-ingles-cms\/","name":"Teste nivel de ingl\u00eas - Simulados ANAC","isPartOf":{"@id":"https:\/\/blog.simuladosanac.com\/#website"},"primaryImageOfPage":{"@id":"https:\/\/blog.simuladosanac.com\/teste-nivel-ingles-cms\/#primaryimage"},"image":{"@id":"https:\/\/blog.simuladosanac.com\/teste-nivel-ingles-cms\/#primaryimage"},"thumbnailUrl":"https:\/\/simuladosanac.com\/blog\/wp-content\/uploads\/2020\/05\/cabin-crew.jpg","datePublished":"2020-05-28T02:05:26+00:00","dateModified":"2020-05-28T03:24:29+00:00","breadcrumb":{"@id":"https:\/\/blog.simuladosanac.com\/teste-nivel-ingles-cms\/#breadcrumb"},"inLanguage":"pt-BR","potentialAction":[{"@type":"ReadAction","target":["https:\/\/blog.simuladosanac.com\/teste-nivel-ingles-cms\/"]}]},{"@type":"ImageObject","inLanguage":"pt-BR","@id":"https:\/\/blog.simuladosanac.com\/teste-nivel-ingles-cms\/#primaryimage","url":"https:\/\/simuladosanac.com\/blog\/wp-content\/uploads\/2020\/05\/cabin-crew.jpg","contentUrl":"https:\/\/simuladosanac.com\/blog\/wp-content\/uploads\/2020\/05\/cabin-crew.jpg","width":968,"height":681},{"@type":"BreadcrumbList","@id":"https:\/\/blog.simuladosanac.com\/teste-nivel-ingles-cms\/#breadcrumb","itemListElement":[{"@type":"ListItem","position":1,"name":"In\u00edcio","item":"https:\/\/blog.simuladosanac.com\/"},{"@type":"ListItem","position":2,"name":"Teste nivel de ingl\u00eas"}]},{"@type":"WebSite","@id":"https:\/\/blog.simuladosanac.com\/#website","url":"https:\/\/blog.simuladosanac.com\/","name":"Simulados ANAC","description":"","publisher":{"@id":"https:\/\/blog.simuladosanac.com\/#organization"},"potentialAction":[{"@type":"SearchAction","target":{"@type":"EntryPoint","urlTemplate":"https:\/\/blog.simuladosanac.com\/?s={search_term_string}"},"query-input":{"@type":"PropertyValueSpecification","valueRequired":true,"valueName":"search_term_string"}}],"inLanguage":"pt-BR"},{"@type":"Organization","@id":"https:\/\/blog.simuladosanac.com\/#organization","name":"Simulados ANAC","url":"https:\/\/blog.simuladosanac.com\/","logo":{"@type":"ImageObject","inLanguage":"pt-BR","@id":"https:\/\/blog.simuladosanac.com\/#\/schema\/logo\/image\/","url":"https:\/\/simuladosanac.com\/blog\/wp-content\/uploads\/2021\/08\/cropped-Apresentacao1-1.png","contentUrl":"https:\/\/simuladosanac.com\/blog\/wp-content\/uploads\/2021\/08\/cropped-Apresentacao1-1.png","width":991,"height":243,"caption":"Simulados ANAC"},"image":{"@id":"https:\/\/blog.simuladosanac.com\/#\/schema\/logo\/image\/"}}]}},"_links":{"self":[{"href":"https:\/\/simuladosanac.com\/blog\/wp-json\/wp\/v2\/pages\/911","targetHints":{"allow":["GET"]}}],"collection":[{"href":"https:\/\/simuladosanac.com\/blog\/wp-json\/wp\/v2\/pages"}],"about":[{"href":"https:\/\/simuladosanac.com\/blog\/wp-json\/wp\/v2\/types\/page"}],"author":[{"embeddable":true,"href":"https:\/\/simuladosanac.com\/blog\/wp-json\/wp\/v2\/users\/1"}],"replies":[{"embeddable":true,"href":"https:\/\/simuladosanac.com\/blog\/wp-json\/wp\/v2\/comments?post=911"}],"version-history":[{"count":16,"href":"https:\/\/simuladosanac.com\/blog\/wp-json\/wp\/v2\/pages\/911\/revisions"}],"predecessor-version":[{"id":950,"href":"https:\/\/simuladosanac.com\/blog\/wp-json\/wp\/v2\/pages\/911\/revisions\/950"}],"wp:attachment":[{"href":"https:\/\/simuladosanac.com\/blog\/wp-json\/wp\/v2\/media?parent=911"}],"curies":[{"name":"wp","href":"https:\/\/api.w.org\/{rel}","templated":true}]}}